{"id":45,"date":"2011-05-17T01:20:37","date_gmt":"2011-05-16T22:50:37","guid":{"rendered":"http:\/\/www.uiodergisi.com\/?page_id=45"},"modified":"2011-05-18T18:59:03","modified_gmt":"2011-05-18T18:59:03","slug":"yazim-kurallari","status":"publish","type":"page","link":"https:\/\/www.uiodergisi.com\/?page_id=45","title":{"rendered":"Yaz\u0131m Kurallar\u0131"},"content":{"rendered":"<p style=\"text-align: justify;\">1.\tYaz\u0131lar\u0131 olu\u015ftururken g\u00f6sterilmesi gereken al\u0131nt\u0131lar dipnot tekni\u011fine g\u00f6re belirtilmelidir.<\/p>\n<p style=\"text-align: justify;\">\n2.\tYaz\u0131 g\u00f6nderen ki\u015fi g\u00f6ndermi\u015f oldu\u011fu metinin sonunda ad\u0131n\u0131, soyad\u0131n\u0131,  e\u011fitim g\u00f6rd\u00fc\u011f\u00fc \u00fcniversiteyi ve b\u00f6l\u00fcm\u00fcn\u00fc a\u00e7\u0131k\u00e7a belirtmelidir.<\/p>\n<p style=\"text-align: justify;\">\n3.\tYaz\u0131lar\u0131n Microsoft Office Word format\u0131nda olu\u015fturulmas\u0131 gerekir.  Yaz\u0131n\u0131n ana g\u00f6vdesi 12 punto,  temel ba\u015fl\u0131klar 14 punto kal\u0131n, ara ba\u015fl\u0131klar ise 12 punto kal\u0131n olmal\u0131d\u0131r. Yaz\u0131 karakteri Times New Roman olmal\u0131 ve metin iki yana yasl\u0131 \u015fekilde yaz\u0131lmal\u0131d\u0131r. Bunun yan\u0131nda paragraf aral\u0131\u011f\u0131 i\u00e7in de \u2018tek\u2019 se\u00e7ene\u011fi kullan\u0131lmal\u0131d\u0131r.<\/p>\n<p style=\"text-align: justify;\">\n4.\tSayfa d\u00fczeni standart \u015fekilde olmal\u0131 (sa\u011f 2,5cm- sol 2,5cm-\u00fcst 2,5cm-alt 2,5cm) ve paragraf ba\u015f\u0131 her zaman e\u015fit \u015fekillerde olu\u015fturulmal\u0131d\u0131r.<\/p>\n<p style=\"text-align: justify;\">\n5.\tG\u00f6nderilen yaz\u0131lar en az 800 en fazla da 1200 s\u00f6zc\u00fckten olu\u015fmal\u0131d\u0131r. Dergimize farkl\u0131 \u00fcniversitelerden yaz\u0131 g\u00f6nderip, yaz\u0131s\u0131 yay\u0131nlanan \u00f6\u011frencilere de dergi taraf\u0131ndan bir sertifika g\u00f6nderilecektir.<\/p>\n<p style=\"text-align: justify;\">\n6.\tDergimize yazmak isteyen arkada\u015flar belirtmi\u015f oldu\u011fumuz elektronik posta adreslerine makalelerini g\u00f6nderebilirler.<\/p>\n","protected":false},"excerpt":{"rendered":"<p>1. Yaz\u0131lar\u0131 olu\u015ftururken g\u00f6sterilmesi gereken al\u0131nt\u0131lar dipnot tekni\u011fine g\u00f6re belirtilmelidir. 2. Yaz\u0131 g\u00f6nderen ki\u015fi g\u00f6ndermi\u015f oldu\u011fu metinin sonunda ad\u0131n\u0131, soyad\u0131n\u0131, e\u011fitim g\u00f6rd\u00fc\u011f\u00fc \u00fcniversiteyi ve b\u00f6l\u00fcm\u00fcn\u00fc a\u00e7\u0131k\u00e7a belirtmelidir. 3. Yaz\u0131lar\u0131n Microsoft Office Word format\u0131nda olu\u015fturulmas\u0131 gerekir. Yaz\u0131n\u0131n ana g\u00f6vdesi 12 punto, temel ba\u015fl\u0131klar 14 punto kal\u0131n, ara ba\u015fl\u0131klar ise 12 punto kal\u0131n olmal\u0131d\u0131r. Yaz\u0131 karakteri Times [&hellip;]<\/p>\n","protected":false},"author":1,"featured_media":0,"parent":0,"menu_order":0,"comment_status":"open","ping_status":"open","template":"","meta":{"footnotes":""},"class_list":["post-45","page","type-page","status-publish","hentry"],"_links":{"self":[{"href":"https:\/\/www.uiodergisi.com\/index.php?rest_route=\/wp\/v2\/pages\/45","targetHints":{"allow":["GET"]}}],"collection":[{"href":"https:\/\/www.uiodergisi.com\/index.php?rest_route=\/wp\/v2\/pages"}],"about":[{"href":"https:\/\/www.uiodergisi.com\/index.php?rest_route=\/wp\/v2\/types\/page"}],"author":[{"embeddable":true,"href":"https:\/\/www.uiodergisi.com\/index.php?rest_route=\/wp\/v2\/users\/1"}],"replies":[{"embeddable":true,"href":"https:\/\/www.uiodergisi.com\/index.php?rest_route=%2Fwp%2Fv2%2Fcomments&post=45"}],"version-history":[{"count":5,"href":"https:\/\/www.uiodergisi.com\/index.php?rest_route=\/wp\/v2\/pages\/45\/revisions"}],"predecessor-version":[{"id":165,"href":"https:\/\/www.uiodergisi.com\/index.php?rest_route=\/wp\/v2\/pages\/45\/revisions\/165"}],"wp:attachment":[{"href":"https:\/\/www.uiodergisi.com\/index.php?rest_route=%2Fwp%2Fv2%2Fmedia&parent=45"}],"curies":[{"name":"wp","href":"https:\/\/api.w.org\/{rel}","templated":true}]}}